{"id":45,"date":"2021-10-19T07:36:28","date_gmt":"2021-10-19T07:36:28","guid":{"rendered":"https:\/\/kits.themecy.com\/memberships-3\/?page_id=45"},"modified":"2026-02-22T11:48:01","modified_gmt":"2026-02-22T10:48:01","slug":"about","status":"publish","type":"page","link":"https:\/\/mfc-muehlacker.de\/wordpress\/about\/","title":{"rendered":"\u00dcber uns"},"content":{"rendered":"<style>.kb-row-layout-id45_b6df5f-80 > .kt-row-column-wrap{align-content:start;}:where(.kb-row-layout-id45_b6df5f-80 > .kt-row-column-wrap) > .wp-block-kadence-column{justify-content:start;}.kb-row-layout-id45_b6df5f-80 > .kt-row-column-wrap{column-gap:var(--global-kb-gap-md, 2rem);row-gap:var(--global-kb-gap-md, 2rem);max-width:500px;margin-left:auto;margin-right:auto;padding-top:200px;padding-right:0px;padding-bottom:120px;padding-left:0px;grid-template-columns:minmax(0, 1fr);}.kb-row-layout-id45_b6df5f-80 > .kt-row-layout-overlay{opacity:0.10;background-image:url('http:\/\/mfc-muehlacker.de\/wordpress\/wp-content\/uploads\/2026\/02\/wp19-1.webp');background-size:cover;background-position:center center;background-attachment:scroll;background-repeat:no-repeat;}@media all and (max-width: 1024px){.kb-row-layout-id45_b6df5f-80 > .kt-row-column-wrap{padding-top:120px;padding-right:20px;padding-bottom:120px;padding-left:20px;grid-template-columns:minmax(0, 1fr);}}@media all and (max-width: 767px){.kb-row-layout-id45_b6df5f-80 > .kt-row-column-wrap{grid-template-columns:minmax(0, 1fr);}}<\/style><div class=\"kb-row-layout-wrap kb-row-layout-id45_b6df5f-80 alignnone has-theme-palette9-background-color kt-row-has-bg wp-block-kadence-rowlayout\"><div class=\"kt-row-layout-overlay kt-row-overlay-normal\"><\/div><div class=\"kt-row-column-wrap kt-has-1-columns kt-row-layout-equal kt-tab-layout-inherit kt-mobile-layout-row kt-row-valign-top\">\n<style>.kadence-column45_95ad78-e3 > .kt-inside-inner-col,.kadence-column45_95ad78-e3 > .kt-inside-inner-col:before{border-top-left-radius:0px;border-top-right-radius:0px;border-bottom-right-radius:0px;border-bottom-left-radius:0px;}.kadence-column45_95ad78-e3 > .kt-inside-inner-col{column-gap:var(--global-kb-gap-sm, 1rem);}.kadence-column45_95ad78-e3 > .kt-inside-inner-col{flex-direction:column;}.kadence-column45_95ad78-e3 > .kt-inside-inner-col > .aligncenter{width:100%;}.kadence-column45_95ad78-e3 > .kt-inside-inner-col:before{opacity:0.3;}.kadence-column45_95ad78-e3{position:relative;}@media all and (max-width: 1024px){.kadence-column45_95ad78-e3 > .kt-inside-inner-col{flex-direction:column;justify-content:center;}}@media all and (max-width: 767px){.kadence-column45_95ad78-e3 > .kt-inside-inner-col{flex-direction:column;justify-content:center;}}<\/style>\n<div class=\"wp-block-kadence-column kadence-column45_95ad78-e3 inner-column-1\"><div class=\"kt-inside-inner-col\"><style>.wp-block-kadence-advancedheading.kt-adv-heading45_db6b4a-5c, .wp-block-kadence-advancedheading.kt-adv-heading45_db6b4a-5c[data-kb-block=\"kb-adv-heading45_db6b4a-5c\"]{margin-bottom:10px;text-align:center;font-style:normal;}.wp-block-kadence-advancedheading.kt-adv-heading45_db6b4a-5c mark.kt-highlight, .wp-block-kadence-advancedheading.kt-adv-heading45_db6b4a-5c[data-kb-block=\"kb-adv-heading45_db6b4a-5c\"] mark.kt-highlight{font-style:normal;color:#f76a0c;-webkit-box-decoration-break:clone;box-decoration-break:clone;padding-top:0px;padding-right:0px;padding-bottom:0px;padding-left:0px;}.wp-block-kadence-advancedheading.kt-adv-heading45_db6b4a-5c img.kb-inline-image, .wp-block-kadence-advancedheading.kt-adv-heading45_db6b4a-5c[data-kb-block=\"kb-adv-heading45_db6b4a-5c\"] img.kb-inline-image{width:150px;vertical-align:baseline;}<\/style>\n<h1 class=\"kt-adv-heading45_db6b4a-5c wp-block-kadence-advancedheading\" data-kb-block=\"kb-adv-heading45_db6b4a-5c\">\u00dcber uns<\/h1>\n\n\n<style>.wp-block-kadence-advancedheading.kt-adv-heading45_1682e1-13, .wp-block-kadence-advancedheading.kt-adv-heading45_1682e1-13[data-kb-block=\"kb-adv-heading45_1682e1-13\"]{text-align:center;font-size:var(--global-kb-font-size-md, 1.25rem);font-style:normal;}.wp-block-kadence-advancedheading.kt-adv-heading45_1682e1-13 mark.kt-highlight, .wp-block-kadence-advancedheading.kt-adv-heading45_1682e1-13[data-kb-block=\"kb-adv-heading45_1682e1-13\"] mark.kt-highlight{font-style:normal;color:#f76a0c;-webkit-box-decoration-break:clone;box-decoration-break:clone;padding-top:0px;padding-right:0px;padding-bottom:0px;padding-left:0px;}.wp-block-kadence-advancedheading.kt-adv-heading45_1682e1-13 img.kb-inline-image, .wp-block-kadence-advancedheading.kt-adv-heading45_1682e1-13[data-kb-block=\"kb-adv-heading45_1682e1-13\"] img.kb-inline-image{width:150px;vertical-align:baseline;}<\/style>\n<h6 class=\"kt-adv-heading45_1682e1-13 wp-block-kadence-advancedheading\" data-kb-block=\"kb-adv-heading45_1682e1-13\">Wir sind ein kleiner Verein mit z. Zt. ca.50 Mitgliedern.<br>1982 wurde unser Verein gegr\u00fcndet. Seitdem sind wir auch Mitglied im DMFV.<br>&nbsp;<br><br>Nach Gr\u00fcndung des Vereins wurde die Wiese in M\u00fchlacker zu einem Fluggel\u00e4nde hergerichtet, so da\u00df ein geordneter Flugbetrieb m\u00f6glich ist.<br>&nbsp;<br><br>Die Mitglieder unseres Vereins treffen sich sporadisch w\u00e4hrend der Woche auf dem Fluggel\u00e4nde und nat\u00fcrlich am Wochenende.<br>&nbsp;<br><br>Geflogen wird bei uns fast alles, was sich irgendwie in die Luft bringen l\u00e4sst.<br>Es besteht auch die M\u00f6glichkeit, mit einer vereinseigenen Lehrer-Sch\u00fcler Einrichtung das Modellfliegen zu erlernen.<br>&nbsp;<br><br>Gastflieger sind jederzeit herzlich willkommen !<br>&nbsp;<br><br>Lehrer-Sch\u00fcler Betrieb bitte vorher anmelden, da wir nicht immer die komplette Ausr\u00fcstung am Platz haben. Anmeldung einfach \u00fcber <a href=\"seite8.html\">\u201eKontakt\u201c<\/a>.<\/h6>\n<\/div><\/div>\n\n<\/div><\/div>","protected":false},"excerpt":{"rendered":"<p>\u00dcber uns Wir sind ein kleiner Verein mit z. Zt. ca.50 Mitgliedern.1982 wurde unser Verein gegr\u00fcndet. Seitdem sind wir auch Mitglied im DMFV.&nbsp; Nach Gr\u00fcndung des Vereins wurde die Wiese in M\u00fchlacker zu einem Fluggel\u00e4nde hergerichtet, so da\u00df ein geordneter Flugbetrieb m\u00f6glich ist.&nbsp; Die Mitglieder unseres Vereins treffen sich sporadisch w\u00e4hrend der Woche auf dem&#8230;<\/p>\n","protected":false},"author":1,"featured_media":0,"parent":0,"menu_order":0,"comment_status":"closed","ping_status":"closed","template":"","meta":{"ngg_post_thumbnail":0,"_kadence_starter_templates_imported_post":true,"_kad_post_transparent":"","_kad_post_title":"hide","_kad_post_layout":"fullwidth","_kad_post_sidebar_id":"","_kad_post_content_style":"unboxed","_kad_post_vertical_padding":"hide","_kad_post_feature":"hide","_kad_post_feature_position":"","_kad_post_header":false,"_kad_post_footer":false,"_kad_post_classname":"","footnotes":""},"class_list":["post-45","page","type-page","status-publish","hentry"],"_links":{"self":[{"href":"https:\/\/mfc-muehlacker.de\/wordpress\/wp-json\/wp\/v2\/pages\/45","targetHints":{"allow":["GET"]}}],"collection":[{"href":"https:\/\/mfc-muehlacker.de\/wordpress\/wp-json\/wp\/v2\/pages"}],"about":[{"href":"https:\/\/mfc-muehlacker.de\/wordpress\/wp-json\/wp\/v2\/types\/page"}],"author":[{"embeddable":true,"href":"https:\/\/mfc-muehlacker.de\/wordpress\/wp-json\/wp\/v2\/users\/1"}],"replies":[{"embeddable":true,"href":"https:\/\/mfc-muehlacker.de\/wordpress\/wp-json\/wp\/v2\/comments?post=45"}],"version-history":[{"count":6,"href":"https:\/\/mfc-muehlacker.de\/wordpress\/wp-json\/wp\/v2\/pages\/45\/revisions"}],"predecessor-version":[{"id":849,"href":"https:\/\/mfc-muehlacker.de\/wordpress\/wp-json\/wp\/v2\/pages\/45\/revisions\/849"}],"wp:attachment":[{"href":"https:\/\/mfc-muehlacker.de\/wordpress\/wp-json\/wp\/v2\/media?parent=45"}],"curies":[{"name":"wp","href":"https:\/\/api.w.org\/{rel}","templated":true}]}}